{"id":25,"date":"2020-05-08T18:30:07","date_gmt":"2020-05-08T18:30:07","guid":{"rendered":"https:\/\/mobsparts.com\/?page_id=25"},"modified":"2022-02-05T11:28:34","modified_gmt":"2022-02-05T10:28:34","slug":"blog","status":"publish","type":"page","link":"https:\/\/mobsparts.com\/es\/blog\/","title":{"rendered":"Blog"},"content":{"rendered":"\t\t<div data-elementor-type=\"wp-page\" data-elementor-id=\"25\" class=\"elementor elementor-25\" data-elementor-post-type=\"page\">\n\t\t\t\t\t\t<section class=\"elementor-section elementor-top-section elementor-element elementor-element-86e18e6 elementor-section-height-min-height elementor-section-boxed elementor-section-height-default elementor-section-items-middle\" data-id=\"86e18e6\" data-element_type=\"section\" data-e-type=\"section\" data-settings=\"{&quot;background_background&quot;:&quot;classic&quot;,&quot;shape_divider_bottom&quot;:&quot;opacity-fan&quot;}\">\n\t\t\t\t\t\t\t<div class=\"elementor-background-overlay\"><\/div>\n\t\t\t\t\t\t<div class=\"elementor-shape elementor-shape-bottom\" aria-hidden=\"true\" data-negative=\"false\">\n\t\t\t<svg xmlns=\"http:\/\/www.w3.org\/2000\/svg\" viewBox=\"0 0 283.5 19.6\" preserveAspectRatio=\"none\">\n\t<path class=\"elementor-shape-fill\" style=\"opacity:0.33\" d=\"M0 0L0 18.8 141.8 4.1 283.5 18.8 283.5 0z\"\/>\n\t<path class=\"elementor-shape-fill\" style=\"opacity:0.33\" d=\"M0 0L0 12.6 141.8 4 283.5 12.6 283.5 0z\"\/>\n\t<path class=\"elementor-shape-fill\" style=\"opacity:0.33\" d=\"M0 0L0 6.4 141.8 4 283.5 6.4 283.5 0z\"\/>\n\t<path class=\"elementor-shape-fill\" d=\"M0 0L0 1.2 141.8 4 283.5 1.2 283.5 0z\"\/>\n<\/svg>\t\t<\/div>\n\t\t\t\t\t<div class=\"elementor-container elementor-column-gap-default\">\n\t\t\t\t\t<div class=\"elementor-column elementor-col-100 elementor-top-column elementor-element elementor-element-7cc1921\" data-id=\"7cc1921\" data-element_type=\"column\" data-e-type=\"column\">\n\t\t\t<div class=\"elementor-widget-wrap elementor-element-populated\">\n\t\t\t\t\t\t\t<\/div>\n\t\t<\/div>\n\t\t\t\t\t<\/div>\n\t\t<\/section>\n\t\t\t\t<section class=\"elementor-section elementor-top-section elementor-element elementor-element-b1c547f elementor-section-boxed elementor-section-height-default elementor-section-height-default\" data-id=\"b1c547f\" data-element_type=\"section\" data-e-type=\"section\" data-settings=\"{&quot;background_background&quot;:&quot;classic&quot;}\">\n\t\t\t\t\t\t<div class=\"elementor-container elementor-column-gap-default\">\n\t\t\t\t\t<div class=\"elementor-column elementor-col-100 elementor-top-column elementor-element elementor-element-4bc60bd\" data-id=\"4bc60bd\" data-element_type=\"column\" data-e-type=\"column\">\n\t\t\t<div class=\"elementor-widget-wrap elementor-element-populated\">\n\t\t\t\t\t\t<div class=\"elementor-element elementor-element-179af1f elementor-grid-3 elementor-grid-tablet-2 elementor-grid-mobile-1 elementor-posts--thumbnail-top elementor-card-shadow-yes elementor-posts__hover-gradient elementor-widget elementor-widget-posts\" data-id=\"179af1f\" data-element_type=\"widget\" data-e-type=\"widget\" data-settings=\"{&quot;pagination_type&quot;:&quot;numbers&quot;,&quot;cards_columns&quot;:&quot;3&quot;,&quot;cards_columns_tablet&quot;:&quot;2&quot;,&quot;cards_columns_mobile&quot;:&quot;1&quot;,&quot;cards_row_gap&quot;:{&quot;unit&quot;:&quot;px&quot;,&quot;size&quot;:35,&quot;sizes&quot;:[]},&quot;cards_row_gap_tablet&quot;:{&quot;unit&quot;:&quot;px&quot;,&quot;size&quot;:&quot;&quot;,&quot;sizes&quot;:[]},&quot;cards_row_gap_mobile&quot;:{&quot;unit&quot;:&quot;px&quot;,&quot;size&quot;:&quot;&quot;,&quot;sizes&quot;:[]}}\" data-widget_type=\"posts.cards\">\n\t\t\t\t<div class=\"elementor-widget-container\">\n\t\t\t\t\t\t\t<div class=\"elementor-posts-container elementor-posts elementor-posts--skin-cards elementor-grid\" role=\"list\">\n\t\t\t\t<article class=\"elementor-post elementor-grid-item post-527 post type-post status-publish format-standard has-post-thumbnail hentry category-blog\" role=\"listitem\">\n\t\t\t<div class=\"elementor-post__card\">\n\t\t\t\t<a class=\"elementor-post__thumbnail__link\" href=\"https:\/\/mobsparts.com\/es\/restaurar-motos-clasicas-como-hacerlo\/\" tabindex=\"-1\" ><div class=\"elementor-post__thumbnail\"><img fetchpriority=\"high\" decoding=\"async\" width=\"699\" height=\"400\" src=\"https:\/\/mobsparts.com\/wp-content\/uploads\/2020\/05\/moto-2t-mz.jpg\" class=\"attachment-full size-full wp-image-61\" alt=\"marca de moto 2t mz\" srcset=\"https:\/\/mobsparts.com\/wp-content\/uploads\/2020\/05\/moto-2t-mz.jpg 699w, https:\/\/mobsparts.com\/wp-content\/uploads\/2020\/05\/moto-2t-mz-660x378.jpg 660w, https:\/\/mobsparts.com\/wp-content\/uploads\/2020\/05\/moto-2t-mz-300x172.jpg 300w\" sizes=\"(max-width: 699px) 100vw, 699px\" \/><\/div><\/a>\n\t\t\t\t<div class=\"elementor-post__badge\">Blog<\/div>\n\t\t\t\t<div class=\"elementor-post__text\">\n\t\t\t\t<h3 class=\"elementor-post__title\">\n\t\t\t<a href=\"https:\/\/mobsparts.com\/es\/restaurar-motos-clasicas-como-hacerlo\/\" >\n\t\t\t\tRESTAURAR MOTOS CL\u00c1SICAS | C\u00d3MO HACERLO\t\t\t<\/a>\n\t\t<\/h3>\n\t\t\t\t<div class=\"elementor-post__excerpt\">\n\t\t\t<p>Restaurar una moto cl\u00e1sica es un proceso que puede llegar a ser realmente arduo y tedioso. Desde MOBS vamos a darte unos<\/p>\n\t\t<\/div>\n\t\t\t\t<\/div>\n\t\t\t\t<div class=\"elementor-post__meta-data\">\n\t\t\t\t\t<span class=\"elementor-post-date\">\n\t\t\t12 de agosto de 2021\t\t<\/span>\n\t\t\t\t<span class=\"elementor-post-avatar\">\n\t\t\tNo hay comentarios\t\t<\/span>\n\t\t\t\t<\/div>\n\t\t\t\t\t<\/div>\n\t\t<\/article>\n\t\t\t\t<article class=\"elementor-post elementor-grid-item post-502 post type-post status-publish format-standard has-post-thumbnail hentry category-blog\" role=\"listitem\">\n\t\t\t<div class=\"elementor-post__card\">\n\t\t\t\t<a class=\"elementor-post__thumbnail__link\" href=\"https:\/\/mobsparts.com\/es\/las-7-mejores-motos-clasicas-de-2-tiempos\/\" tabindex=\"-1\" ><div class=\"elementor-post__thumbnail\"><img decoding=\"async\" width=\"1600\" height=\"1200\" src=\"https:\/\/mobsparts.com\/wp-content\/uploads\/2021\/01\/WhatsApp-Image-2021-01-18-at-09.37.45.jpeg\" class=\"attachment-full size-full wp-image-388\" alt=\"\" srcset=\"https:\/\/mobsparts.com\/wp-content\/uploads\/2021\/01\/WhatsApp-Image-2021-01-18-at-09.37.45.jpeg 1600w, https:\/\/mobsparts.com\/wp-content\/uploads\/2021\/01\/WhatsApp-Image-2021-01-18-at-09.37.45-300x225.jpeg 300w, https:\/\/mobsparts.com\/wp-content\/uploads\/2021\/01\/WhatsApp-Image-2021-01-18-at-09.37.45-1024x768.jpeg 1024w, https:\/\/mobsparts.com\/wp-content\/uploads\/2021\/01\/WhatsApp-Image-2021-01-18-at-09.37.45-768x576.jpeg 768w, https:\/\/mobsparts.com\/wp-content\/uploads\/2021\/01\/WhatsApp-Image-2021-01-18-at-09.37.45-1536x1152.jpeg 1536w, https:\/\/mobsparts.com\/wp-content\/uploads\/2021\/01\/WhatsApp-Image-2021-01-18-at-09.37.45-660x495.jpeg 660w\" sizes=\"(max-width: 1600px) 100vw, 1600px\" \/><\/div><\/a>\n\t\t\t\t<div class=\"elementor-post__badge\">Blog<\/div>\n\t\t\t\t<div class=\"elementor-post__text\">\n\t\t\t\t<h3 class=\"elementor-post__title\">\n\t\t\t<a href=\"https:\/\/mobsparts.com\/es\/las-7-mejores-motos-clasicas-de-2-tiempos\/\" >\n\t\t\t\tLAS 7 MEJORES MOTOS CL\u00c1SICAS DE 2 TIEMPOS\t\t\t<\/a>\n\t\t<\/h3>\n\t\t\t\t<div class=\"elementor-post__excerpt\">\n\t\t\t<p>No es f\u00e1cil elegir entre las muchas grandes marcas y motos cl\u00e1sicas las 7 mejores o m\u00e1s m\u00edticas de 2T de la<\/p>\n\t\t<\/div>\n\t\t\t\t<\/div>\n\t\t\t\t<div class=\"elementor-post__meta-data\">\n\t\t\t\t\t<span class=\"elementor-post-date\">\n\t\t\t12 de agosto de 2021\t\t<\/span>\n\t\t\t\t<span class=\"elementor-post-avatar\">\n\t\t\tNo hay comentarios\t\t<\/span>\n\t\t\t\t<\/div>\n\t\t\t\t\t<\/div>\n\t\t<\/article>\n\t\t\t\t<article class=\"elementor-post elementor-grid-item post-488 post type-post status-publish format-standard has-post-thumbnail hentry category-blog\" role=\"listitem\">\n\t\t\t<div class=\"elementor-post__card\">\n\t\t\t\t<a class=\"elementor-post__thumbnail__link\" href=\"https:\/\/mobsparts.com\/es\/danos-en-las-valvulas-de-escape-y-sus-causas\/\" tabindex=\"-1\" ><div class=\"elementor-post__thumbnail\"><img decoding=\"async\" width=\"1879\" height=\"825\" src=\"https:\/\/mobsparts.com\/wp-content\/uploads\/2020\/12\/BANNER_web-mobs.png\" class=\"attachment-full size-full wp-image-300\" alt=\"v\u00e1lvulas-de-escape-motor\" srcset=\"https:\/\/mobsparts.com\/wp-content\/uploads\/2020\/12\/BANNER_web-mobs.png 1879w, https:\/\/mobsparts.com\/wp-content\/uploads\/2020\/12\/BANNER_web-mobs-300x132.png 300w, https:\/\/mobsparts.com\/wp-content\/uploads\/2020\/12\/BANNER_web-mobs-1024x450.png 1024w, https:\/\/mobsparts.com\/wp-content\/uploads\/2020\/12\/BANNER_web-mobs-768x337.png 768w, https:\/\/mobsparts.com\/wp-content\/uploads\/2020\/12\/BANNER_web-mobs-1536x674.png 1536w, https:\/\/mobsparts.com\/wp-content\/uploads\/2020\/12\/BANNER_web-mobs-660x290.png 660w\" sizes=\"(max-width: 1879px) 100vw, 1879px\" \/><\/div><\/a>\n\t\t\t\t<div class=\"elementor-post__badge\">Blog<\/div>\n\t\t\t\t<div class=\"elementor-post__text\">\n\t\t\t\t<h3 class=\"elementor-post__title\">\n\t\t\t<a href=\"https:\/\/mobsparts.com\/es\/danos-en-las-valvulas-de-escape-y-sus-causas\/\" >\n\t\t\t\tDa\u00f1os en las v\u00e1lvulas de escape y sus causas\t\t\t<\/a>\n\t\t<\/h3>\n\t\t\t\t<div class=\"elementor-post__excerpt\">\n\t\t\t<p>V\u00e1lvulas de escape Los motores de los veh\u00edculos son m\u00e1quinas de precisi\u00f3n con muchas partes movibles que deben estar sincronizadas de forma<\/p>\n\t\t<\/div>\n\t\t\t\t<\/div>\n\t\t\t\t<div class=\"elementor-post__meta-data\">\n\t\t\t\t\t<span class=\"elementor-post-date\">\n\t\t\t15 de julio de 2021\t\t<\/span>\n\t\t\t\t<span class=\"elementor-post-avatar\">\n\t\t\tNo hay comentarios\t\t<\/span>\n\t\t\t\t<\/div>\n\t\t\t\t\t<\/div>\n\t\t<\/article>\n\t\t\t\t<article class=\"elementor-post elementor-grid-item post-484 post type-post status-publish format-standard has-post-thumbnail hentry category-blog\" role=\"listitem\">\n\t\t\t<div class=\"elementor-post__card\">\n\t\t\t\t<a class=\"elementor-post__thumbnail__link\" href=\"https:\/\/mobsparts.com\/es\/valvulas-de-escape-para-moto\/\" tabindex=\"-1\" ><div class=\"elementor-post__thumbnail\"><img loading=\"lazy\" decoding=\"async\" width=\"1034\" height=\"1034\" src=\"https:\/\/mobsparts.com\/wp-content\/uploads\/2020\/12\/BlackFriday-2.png\" class=\"attachment-full size-full wp-image-299\" alt=\"valvula-de-escape-moto\" srcset=\"https:\/\/mobsparts.com\/wp-content\/uploads\/2020\/12\/BlackFriday-2.png 1034w, https:\/\/mobsparts.com\/wp-content\/uploads\/2020\/12\/BlackFriday-2-300x300.png 300w, https:\/\/mobsparts.com\/wp-content\/uploads\/2020\/12\/BlackFriday-2-1024x1024.png 1024w, https:\/\/mobsparts.com\/wp-content\/uploads\/2020\/12\/BlackFriday-2-150x150.png 150w, https:\/\/mobsparts.com\/wp-content\/uploads\/2020\/12\/BlackFriday-2-768x768.png 768w, https:\/\/mobsparts.com\/wp-content\/uploads\/2020\/12\/BlackFriday-2-500x500.png 500w, https:\/\/mobsparts.com\/wp-content\/uploads\/2020\/12\/BlackFriday-2-660x660.png 660w, https:\/\/mobsparts.com\/wp-content\/uploads\/2020\/12\/BlackFriday-2-100x100.png 100w\" sizes=\"(max-width: 1034px) 100vw, 1034px\" \/><\/div><\/a>\n\t\t\t\t<div class=\"elementor-post__badge\">Blog<\/div>\n\t\t\t\t<div class=\"elementor-post__text\">\n\t\t\t\t<h3 class=\"elementor-post__title\">\n\t\t\t<a href=\"https:\/\/mobsparts.com\/es\/valvulas-de-escape-para-moto\/\" >\n\t\t\t\tV\u00e1lvulas de escape para moto\t\t\t<\/a>\n\t\t<\/h3>\n\t\t\t\t<div class=\"elementor-post__excerpt\">\n\t\t\t<p>Mejora tus prestaciones con aluminio y n\u00edquel V\u00e1lvulas de escape para Aprilia y Suzuki En MOBS hemos ido m\u00e1s all\u00e1 creando unas<\/p>\n\t\t<\/div>\n\t\t\t\t<\/div>\n\t\t\t\t<div class=\"elementor-post__meta-data\">\n\t\t\t\t\t<span class=\"elementor-post-date\">\n\t\t\t15 de julio de 2021\t\t<\/span>\n\t\t\t\t<span class=\"elementor-post-avatar\">\n\t\t\tNo hay comentarios\t\t<\/span>\n\t\t\t\t<\/div>\n\t\t\t\t\t<\/div>\n\t\t<\/article>\n\t\t\t\t<\/div>\n\t\t\n\t\t\t\t\t\t<\/div>\n\t\t\t\t<\/div>\n\t\t\t\t\t<\/div>\n\t\t<\/div>\n\t\t\t\t\t<\/div>\n\t\t<\/section>\n\t\t\t\t<\/div>\n\t\t","protected":false},"excerpt":{"rendered":"","protected":false},"author":20,"featured_media":0,"parent":0,"menu_order":0,"comment_status":"closed","ping_status":"closed","template":"elementor_header_footer","meta":{"footnotes":""},"yst_prominent_words":[],"class_list":["post-25","page","type-page","status-publish","hentry"],"_links":{"self":[{"href":"https:\/\/mobsparts.com\/es\/wp-json\/wp\/v2\/pages\/25","targetHints":{"allow":["GET"]}}],"collection":[{"href":"https:\/\/mobsparts.com\/es\/wp-json\/wp\/v2\/pages"}],"about":[{"href":"https:\/\/mobsparts.com\/es\/wp-json\/wp\/v2\/types\/page"}],"author":[{"embeddable":true,"href":"https:\/\/mobsparts.com\/es\/wp-json\/wp\/v2\/users\/20"}],"replies":[{"embeddable":true,"href":"https:\/\/mobsparts.com\/es\/wp-json\/wp\/v2\/comments?post=25"}],"version-history":[{"count":3,"href":"https:\/\/mobsparts.com\/es\/wp-json\/wp\/v2\/pages\/25\/revisions"}],"predecessor-version":[{"id":860,"href":"https:\/\/mobsparts.com\/es\/wp-json\/wp\/v2\/pages\/25\/revisions\/860"}],"wp:attachment":[{"href":"https:\/\/mobsparts.com\/es\/wp-json\/wp\/v2\/media?parent=25"}],"wp:term":[{"taxonomy":"yst_prominent_words","embeddable":true,"href":"https:\/\/mobsparts.com\/es\/wp-json\/wp\/v2\/yst_prominent_words?post=25"}],"curies":[{"name":"wp","href":"https:\/\/api.w.org\/{rel}","templated":true}]}}