{"id":639,"date":"2021-08-23T21:28:14","date_gmt":"2021-08-23T20:28:14","guid":{"rendered":"https:\/\/mobsparts.com\/?page_id=639"},"modified":"2022-02-05T11:44:06","modified_gmt":"2022-02-05T10:44:06","slug":"sobre-nosotros","status":"publish","type":"page","link":"https:\/\/mobsparts.com\/es\/sobre-nosotros\/","title":{"rendered":"Sobre Nosotros"},"content":{"rendered":"\t\t<div data-elementor-type=\"wp-page\" data-elementor-id=\"639\" class=\"elementor elementor-639\" data-elementor-post-type=\"page\">\n\t\t\t\t\t\t<section class=\"elementor-section elementor-top-section elementor-element elementor-element-b5db7a9 elementor-section-height-min-height elementor-section-boxed elementor-section-height-default elementor-section-items-middle\" data-id=\"b5db7a9\" data-element_type=\"section\" data-e-type=\"section\" data-settings=\"{&quot;background_background&quot;:&quot;classic&quot;,&quot;shape_divider_bottom&quot;:&quot;opacity-fan&quot;}\">\n\t\t\t\t\t\t\t<div class=\"elementor-background-overlay\"><\/div>\n\t\t\t\t\t\t<div class=\"elementor-shape elementor-shape-bottom\" aria-hidden=\"true\" data-negative=\"false\">\n\t\t\t<svg xmlns=\"http:\/\/www.w3.org\/2000\/svg\" viewBox=\"0 0 283.5 19.6\" preserveAspectRatio=\"none\">\n\t<path class=\"elementor-shape-fill\" style=\"opacity:0.33\" d=\"M0 0L0 18.8 141.8 4.1 283.5 18.8 283.5 0z\"\/>\n\t<path class=\"elementor-shape-fill\" style=\"opacity:0.33\" d=\"M0 0L0 12.6 141.8 4 283.5 12.6 283.5 0z\"\/>\n\t<path class=\"elementor-shape-fill\" style=\"opacity:0.33\" d=\"M0 0L0 6.4 141.8 4 283.5 6.4 283.5 0z\"\/>\n\t<path class=\"elementor-shape-fill\" d=\"M0 0L0 1.2 141.8 4 283.5 1.2 283.5 0z\"\/>\n<\/svg>\t\t<\/div>\n\t\t\t\t\t<div class=\"elementor-container elementor-column-gap-default\">\n\t\t\t\t\t<div class=\"elementor-column elementor-col-100 elementor-top-column elementor-element elementor-element-7582390\" data-id=\"7582390\" data-element_type=\"column\" data-e-type=\"column\">\n\t\t\t<div class=\"elementor-widget-wrap elementor-element-populated\">\n\t\t\t\t\t\t\t<\/div>\n\t\t<\/div>\n\t\t\t\t\t<\/div>\n\t\t<\/section>\n\t\t\t\t<section class=\"elementor-section elementor-top-section elementor-element elementor-element-d24b0ed elementor-section-boxed elementor-section-height-default elementor-section-height-default\" data-id=\"d24b0ed\" data-element_type=\"section\" data-e-type=\"section\" data-settings=\"{&quot;background_background&quot;:&quot;classic&quot;}\">\n\t\t\t\t\t\t<div class=\"elementor-container elementor-column-gap-wide\">\n\t\t\t\t\t<div class=\"elementor-column elementor-col-50 elementor-top-column elementor-element elementor-element-76ecb8b\" data-id=\"76ecb8b\" data-element_type=\"column\" data-e-type=\"column\">\n\t\t\t<div class=\"elementor-widget-wrap elementor-element-populated\">\n\t\t\t\t\t\t<div class=\"elementor-element elementor-element-8d6203b elementor-invisible elementor-widget elementor-widget-heading\" data-id=\"8d6203b\" data-element_type=\"widget\" data-e-type=\"widget\" data-settings=\"{&quot;_animation&quot;:&quot;fadeIn&quot;}\" data-widget_type=\"heading.default\">\n\t\t\t\t<div class=\"elementor-widget-container\">\n\t\t\t\t\t<h2 class=\"elementor-heading-title elementor-size-default\">Qui\u00e9nes somos\n<\/h2>\t\t\t\t<\/div>\n\t\t\t\t<\/div>\n\t\t\t\t<div class=\"elementor-element elementor-element-5af2217 elementor-widget elementor-widget-text-editor\" data-id=\"5af2217\" data-element_type=\"widget\" data-e-type=\"widget\" data-widget_type=\"text-editor.default\">\n\t\t\t\t<div class=\"elementor-widget-container\">\n\t\t\t\t\t\t\t\t\t<p>Mobs nace en 2019, dos amigos apasionados por el mundo de los 2 tiempos empiezan este proyecto cuya misi\u00f3n es revivir motocicletas cl\u00e1sicas como Aprilia, Suzuki, Yamaha y mejorar componentes que desde su creaci\u00f3n han sufrido desgastes o roturas que 20-30 a\u00f1os despu\u00e9s tienen soluci\u00f3n.<\/p><p>Entre ambos tienen varias motocicletas hist\u00f3ricas (Cagiva mito 125cc, Aprilia rs 250 mk2, Suzuki RGV VJ22, Yamaha RD 350, Aprilia RS 125 cc Chesterfield, Suzuki RG 500) donde cualquier componente o idea ha sido testado y constantemente teniendo en cuenta feedbacks de actuales propietarios que siguen con muchos proyectos entre manos.<\/p><p>La empresa encargada de su producci\u00f3n es de propiedad esto significa que, desde el dise\u00f1o de la pieza, la compra del material (dependiendo de su uso: Aluminio\/acero\/aleaciones) hasta el proceso de mecanizado pasa por nuestro control.<\/p><p>La producci\u00f3n est\u00e1 situada en Polonia y el material primario servido por Hydro Norway.<\/p>\t\t\t\t\t\t\t\t<\/div>\n\t\t\t\t<\/div>\n\t\t\t\t\t<\/div>\n\t\t<\/div>\n\t\t\t\t<div class=\"elementor-column elementor-col-50 elementor-top-column elementor-element elementor-element-eecd653\" data-id=\"eecd653\" data-element_type=\"column\" data-e-type=\"column\">\n\t\t\t<div class=\"elementor-widget-wrap elementor-element-populated\">\n\t\t\t\t\t\t<div class=\"elementor-element elementor-element-3681df5 elementor-widget elementor-widget-image\" data-id=\"3681df5\" data-element_type=\"widget\" data-e-type=\"widget\" data-widget_type=\"image.default\">\n\t\t\t\t<div class=\"elementor-widget-container\">\n\t\t\t\t\t\t\t\t\t\t\t\t\t\t\t<img fetchpriority=\"high\" decoding=\"async\" width=\"800\" height=\"800\" src=\"https:\/\/mobsparts.com\/wp-content\/uploads\/2020\/12\/quienes-somos-mobs.png\" class=\"attachment-large size-large wp-image-316\" alt=\"\" srcset=\"https:\/\/mobsparts.com\/wp-content\/uploads\/2020\/12\/quienes-somos-mobs.png 900w, https:\/\/mobsparts.com\/wp-content\/uploads\/2020\/12\/quienes-somos-mobs-300x300.png 300w, https:\/\/mobsparts.com\/wp-content\/uploads\/2020\/12\/quienes-somos-mobs-150x150.png 150w, https:\/\/mobsparts.com\/wp-content\/uploads\/2020\/12\/quienes-somos-mobs-768x768.png 768w, https:\/\/mobsparts.com\/wp-content\/uploads\/2020\/12\/quienes-somos-mobs-500x500.png 500w, https:\/\/mobsparts.com\/wp-content\/uploads\/2020\/12\/quienes-somos-mobs-660x660.png 660w, https:\/\/mobsparts.com\/wp-content\/uploads\/2020\/12\/quienes-somos-mobs-100x100.png 100w\" sizes=\"(max-width: 800px) 100vw, 800px\" \/>\t\t\t\t\t\t\t\t\t\t\t\t\t\t\t<\/div>\n\t\t\t\t<\/div>\n\t\t\t\t<div class=\"elementor-element elementor-element-6ab8b25 elementor-widget elementor-widget-image\" data-id=\"6ab8b25\" data-element_type=\"widget\" data-e-type=\"widget\" data-widget_type=\"image.default\">\n\t\t\t\t<div class=\"elementor-widget-container\">\n\t\t\t\t\t\t\t\t\t\t\t\t\t\t\t<img decoding=\"async\" width=\"800\" height=\"600\" src=\"https:\/\/mobsparts.com\/wp-content\/uploads\/2021\/08\/WhatsApp-Image-2021-01-18-at-09.37.45-1024x768.jpeg\" class=\"attachment-large size-large wp-image-687\" alt=\"\" srcset=\"https:\/\/mobsparts.com\/wp-content\/uploads\/2021\/08\/WhatsApp-Image-2021-01-18-at-09.37.45-1024x768.jpeg 1024w, https:\/\/mobsparts.com\/wp-content\/uploads\/2021\/08\/WhatsApp-Image-2021-01-18-at-09.37.45-300x225.jpeg 300w, https:\/\/mobsparts.com\/wp-content\/uploads\/2021\/08\/WhatsApp-Image-2021-01-18-at-09.37.45-768x576.jpeg 768w, https:\/\/mobsparts.com\/wp-content\/uploads\/2021\/08\/WhatsApp-Image-2021-01-18-at-09.37.45-1536x1152.jpeg 1536w, https:\/\/mobsparts.com\/wp-content\/uploads\/2021\/08\/WhatsApp-Image-2021-01-18-at-09.37.45-660x495.jpeg 660w, https:\/\/mobsparts.com\/wp-content\/uploads\/2021\/08\/WhatsApp-Image-2021-01-18-at-09.37.45.jpeg 1600w\" sizes=\"(max-width: 800px) 100vw, 800px\" \/>\t\t\t\t\t\t\t\t\t\t\t\t\t\t\t<\/div>\n\t\t\t\t<\/div>\n\t\t\t\t\t<\/div>\n\t\t<\/div>\n\t\t\t\t\t<\/div>\n\t\t<\/section>\n\t\t\t\t<\/div>\n\t\t","protected":false},"excerpt":{"rendered":"<p>Qui\u00e9nes somos Mobs nace en 2019, dos amigos apasionados por el mundo de los 2 tiempos empiezan este proyecto cuya misi\u00f3n es revivir motocicletas cl\u00e1sicas como Aprilia, Suzuki, Yamaha y mejorar componentes que desde su creaci\u00f3n han sufrido desgastes o roturas que 20-30 a\u00f1os despu\u00e9s tienen soluci\u00f3n. Entre ambos tienen varias motocicletas hist\u00f3ricas (Cagiva mito [&hellip;]<\/p>\n","protected":false},"author":20,"featured_media":0,"parent":0,"menu_order":0,"comment_status":"closed","ping_status":"closed","template":"elementor_header_footer","meta":{"footnotes":""},"yst_prominent_words":[],"class_list":["post-639","page","type-page","status-publish","hentry"],"_links":{"self":[{"href":"https:\/\/mobsparts.com\/es\/wp-json\/wp\/v2\/pages\/639","targetHints":{"allow":["GET"]}}],"collection":[{"href":"https:\/\/mobsparts.com\/es\/wp-json\/wp\/v2\/pages"}],"about":[{"href":"https:\/\/mobsparts.com\/es\/wp-json\/wp\/v2\/types\/page"}],"author":[{"embeddable":true,"href":"https:\/\/mobsparts.com\/es\/wp-json\/wp\/v2\/users\/20"}],"replies":[{"embeddable":true,"href":"https:\/\/mobsparts.com\/es\/wp-json\/wp\/v2\/comments?post=639"}],"version-history":[{"count":3,"href":"https:\/\/mobsparts.com\/es\/wp-json\/wp\/v2\/pages\/639\/revisions"}],"predecessor-version":[{"id":890,"href":"https:\/\/mobsparts.com\/es\/wp-json\/wp\/v2\/pages\/639\/revisions\/890"}],"wp:attachment":[{"href":"https:\/\/mobsparts.com\/es\/wp-json\/wp\/v2\/media?parent=639"}],"wp:term":[{"taxonomy":"yst_prominent_words","embeddable":true,"href":"https:\/\/mobsparts.com\/es\/wp-json\/wp\/v2\/yst_prominent_words?post=639"}],"curies":[{"name":"wp","href":"https:\/\/api.w.org\/{rel}","templated":true}]}}